{"id":2466,"date":"2025-08-11T18:34:43","date_gmt":"2025-08-11T15:34:43","guid":{"rendered":"https:\/\/rdmv.graftik.lv\/?page_id=2466"},"modified":"2025-10-11T18:51:02","modified_gmt":"2025-10-11T15:51:02","slug":"erasmus","status":"publish","type":"page","link":"https:\/\/www.rdmv.lv\/en\/erasmus\/","title":{"rendered":"Erasmus+"},"content":{"rendered":"\n<h2 class=\"wp-block-heading\">MIKC RDMV is an accredited organization within the Erasmus+ program.<\/h2>\n\n\n\n<p>The educational institution implements KA1 projects, the aim of which is to provide students, teachers and staff with the opportunity to gain international experience in educational institutions, internships in foreign companies, as well as professional development courses.<\/p>\n\n\n\n<p>These activities strengthen professional skills, promote personal growth, and make educational narratives recognizable in an international context.<\/p>\n","protected":false},"excerpt":{"rendered":"<p>MIKC RDMV is an accredited organization within the Erasmus+ program. The educational institution implements KA1 projects, the aim of which is to provide students, teachers and staff with the opportunity to gain international experience in educational institutions, internships in foreign companies, as well as professional development courses. These activities strengthen professional skills, promote personal growth, [&hellip;]<\/p>\n","protected":false},"author":2,"featured_media":3431,"parent":0,"menu_order":0,"comment_status":"closed","ping_status":"closed","template":"","meta":{"inline_featured_image":false,"footnotes":""},"class_list":["post-2466","page","type-page","status-publish","has-post-thumbnail","hentry"],"acpt":{"meta":[{"meta_box":"page-header","meta_fields":[{"name":"page-header-title-position","type":"Radio","options":[{"label":"Left side","value":"left"},{"label":"Right side","value":"right"}],"value":"right","default":"","required":false,"showInAdmin":false,"advancedOptions":{"1":{"id":"44a2ffac-208c-485a-971d-f9e17210c0eb","boxId":"26d0159d-210a-45fd-a879-738028546a12","fieldId":"f2786270-7798-4ca6-99e4-027721950384","key":"headline","value":"top"},"2":{"id":"24670edd-6295-4e08-a1b4-5d43977f45fc","boxId":"26d0159d-210a-45fd-a879-738028546a12","fieldId":"f2786270-7798-4ca6-99e4-027721950384","key":"width","value":""},"4":{"id":"3e84831e-55e0-4af6-8788-11c3cf6601ed","boxId":"26d0159d-210a-45fd-a879-738028546a12","fieldId":"f2786270-7798-4ca6-99e4-027721950384","key":"hide_blank_radio","value":"0"},"6":{"id":"ba7ae7c8-f6c4-492c-8474-f09512bba12d","boxId":"26d0159d-210a-45fd-a879-738028546a12","fieldId":"f2786270-7798-4ca6-99e4-027721950384","key":"before","value":""},"7":{"id":"8c2cf268-e7e9-44bc-be1c-8fee3407974e","boxId":"26d0159d-210a-45fd-a879-738028546a12","fieldId":"f2786270-7798-4ca6-99e4-027721950384","key":"after","value":""},"18":{"id":"4bc767f9-e202-41ed-a914-8363feeee3a3","boxId":"26d0159d-210a-45fd-a879-738028546a12","fieldId":"f2786270-7798-4ca6-99e4-027721950384","key":"css","value":""},"29":{"id":"cbf10826-3d95-4b9e-b412-870af04d1f93","boxId":"26d0159d-210a-45fd-a879-738028546a12","fieldId":"f2786270-7798-4ca6-99e4-027721950384","key":"vertical_alignment","value":"center"},"37":{"id":"da248360-3bb4-4e35-afe7-9f18c89b4c7d","boxId":"26d0159d-210a-45fd-a879-738028546a12","fieldId":"f2786270-7798-4ca6-99e4-027721950384","key":"display","value":""}}},{"name":"page-header-second-image","type":"Image","options":[],"value":"https:\/\/www.rdmv.lv\/wp-content\/uploads\/2025\/10\/alexandra-iva-unsplash.jpg","default":"","required":false,"showInAdmin":false,"advancedOptions":[]}]},{"meta_box":"sections","meta_fields":[{"name":"section","type":"FlexibleContent","options":[],"value":{"blocks":[{"accordion-section":{"accordion-section-accordion":[{"accordion-section-accordion-content":[{"original_name":"accordion-section-accordion-content","type":"Editor","value":"<p style=\"font-weight: 400;\">Project Nr. 2024-1-LV01-KA121-VET-xxxxxxxxx<\/p>"},{"original_name":"accordion-section-accordion-content","type":"Editor","value":"<div><span lang=\"LV\">Aiga B\u0101li\u0146a <br \/>Erasmus+ project manager<br \/><\/span><\/div>\r\n<div><a href=\"mailto:project@rdmv.gov.lv\"><span lang=\"LV\">project@rdmv.gov.lv<\/span><\/a><\/div>\r\n<div><span lang=\"LV\"><br \/>66154233<br \/>212. office (Kri\u0161j\u0101\u0146a Valdem\u0101ra iela 139) <\/span><\/div>"},{"original_name":"accordion-section-accordion-content","type":"Editor","value":"<p>Links<\/p>"}],"accordion-section-accordion-title":[{"original_name":"accordion-section-accordion-title","type":"Text","value":"Current project number"},{"original_name":"accordion-section-accordion-title","type":"Text","value":"Contacts"},{"original_name":"accordion-section-accordion-title","type":"Text","value":"Regulations on the application procedure"}]}],"accordion-section-title":[{"original_name":"accordion-section-title","type":"Text","value":""}]}},{"horizontal-gallery-section":{"horizontal-gallery-section-gallery":[{"attachment_id":"3309,3297,3311,3301,3307,3303,3299,3305","original_name":"horizontal-gallery-section-gallery","type":"Gallery","value":["https:\/\/www.rdmv.lv\/wp-content\/uploads\/2025\/10\/WhatsApp-Image-2025-10-03-at-17.11.44.jpeg","https:\/\/www.rdmv.lv\/wp-content\/uploads\/2025\/10\/IMG_8700-Angelina-1.jpg","https:\/\/www.rdmv.lv\/wp-content\/uploads\/2025\/10\/WhatsApp-Image-2025-10-03-at-17.13.44.jpeg","https:\/\/www.rdmv.lv\/wp-content\/uploads\/2025\/10\/IMG_8824-Angelina-1.jpg","https:\/\/www.rdmv.lv\/wp-content\/uploads\/2025\/10\/WhatsApp-Image-2025-10-03-at-17.12.46.jpeg","https:\/\/www.rdmv.lv\/wp-content\/uploads\/2025\/10\/WhatsApp-Image-2025-10-03-at-17.14.27.jpeg","https:\/\/www.rdmv.lv\/wp-content\/uploads\/2025\/10\/WhatsApp-Image-2025-10-03-at-17.14.45.jpeg","https:\/\/www.rdmv.lv\/wp-content\/uploads\/2025\/10\/WhatsApp-Image-2025-10-03-at-17.13.30.jpeg"]}],"horizontal-gallery-section-title":[{"original_name":"horizontal-gallery-section-title","type":"Text","value":"Gallery"}]}}]},"default":"","required":false,"showInAdmin":false,"advancedOptions":{"1":{"id":"d586c98c-629a-4a84-8195-97fa67d703db","boxId":"f6004525-148e-48fa-857e-30a79a92ab59","fieldId":"35ac66b7-ed6b-479c-bc91-620d1c6eb7be","key":"headline","value":"top"},"2":{"id":"8ae35aff-241b-4600-8c83-23ec07cfc24c","boxId":"f6004525-148e-48fa-857e-30a79a92ab59","fieldId":"35ac66b7-ed6b-479c-bc91-620d1c6eb7be","key":"width","value":""},"3":{"id":"6aee8695-676a-4868-baa1-e62fedd8acc6","boxId":"f6004525-148e-48fa-857e-30a79a92ab59","fieldId":"35ac66b7-ed6b-479c-bc91-620d1c6eb7be","key":"columns","value":""},"12":{"id":"9dd94e5d-32fb-48cf-b44c-adc461bb3cda","boxId":"f6004525-148e-48fa-857e-30a79a92ab59","fieldId":"35ac66b7-ed6b-479c-bc91-620d1c6eb7be","key":"minimum_blocks","value":""},"13":{"id":"cd798bd9-17d5-405f-9864-900e3e038540","boxId":"f6004525-148e-48fa-857e-30a79a92ab59","fieldId":"35ac66b7-ed6b-479c-bc91-620d1c6eb7be","key":"maximum_blocks","value":""},"18":{"id":"e562214e-ce16-4795-846b-0be526c66491","boxId":"f6004525-148e-48fa-857e-30a79a92ab59","fieldId":"35ac66b7-ed6b-479c-bc91-620d1c6eb7be","key":"css","value":""},"19":{"id":"11bc405b-6c22-4e50-aa54-f10139124c03","boxId":"f6004525-148e-48fa-857e-30a79a92ab59","fieldId":"35ac66b7-ed6b-479c-bc91-620d1c6eb7be","key":"leading_field","value":"10910a2c-458f-4dcd-8ef0-ac770004ab7d"},"20":{"id":"d6d9bc7d-4537-47e4-a822-c265b8486971","boxId":"f6004525-148e-48fa-857e-30a79a92ab59","fieldId":"35ac66b7-ed6b-479c-bc91-620d1c6eb7be","key":"layout","value":"row"},"29":{"id":"0a5694d4-c23c-4f86-95be-83d088df9b50","boxId":"f6004525-148e-48fa-857e-30a79a92ab59","fieldId":"35ac66b7-ed6b-479c-bc91-620d1c6eb7be","key":"vertical_alignment","value":"center"}}}]}]},"yoast_head":"<!-- This site is optimized with the Yoast SEO plugin v26.7 - https:\/\/yoast.com\/wordpress\/plugins\/seo\/ -->\n<title>Erasmus+ &#8212; R\u012bgas Dizaina un m\u0101kslas vidusskola<\/title>\n<meta name=\"robots\" content=\"index, follow, max-snippet:-1, max-image-preview:large, max-video-preview:-1\" \/>\n<link rel=\"canonical\" href=\"https:\/\/www.rdmv.lv\/en\/erasmus\/\" \/>\n<meta property=\"og:locale\" content=\"en_US\" \/>\n<meta property=\"og:type\" content=\"article\" \/>\n<meta property=\"og:title\" content=\"Erasmus+ &#8212; R\u012bgas Dizaina un m\u0101kslas vidusskola\" \/>\n<meta property=\"og:description\" content=\"MIKC RDMV is an accredited organization within the Erasmus+ program. The educational institution implements KA1 projects, the aim of which is to provide students, teachers and staff with the opportunity to gain international experience in educational institutions, internships in foreign companies, as well as professional development courses. These activities strengthen professional skills, promote personal growth, [&hellip;]\" \/>\n<meta property=\"og:url\" content=\"https:\/\/www.rdmv.lv\/en\/erasmus\/\" \/>\n<meta property=\"og:site_name\" content=\"R\u012bgas Dizaina un m\u0101kslas vidusskola\" \/>\n<meta property=\"article:publisher\" content=\"https:\/\/www.facebook.com\/www.rdmv.lv?ref=hl\" \/>\n<meta property=\"article:modified_time\" content=\"2025-10-11T15:51:02+00:00\" \/>\n<meta property=\"og:image\" content=\"https:\/\/rdmv.graftik.lv\/wp-content\/uploads\/2025\/10\/Lidzfinanse-Eiropas-Savieniba_lv_melns.png\" \/>\n\t<meta property=\"og:image:width\" content=\"1500\" \/>\n\t<meta property=\"og:image:height\" content=\"1520\" \/>\n\t<meta property=\"og:image:type\" content=\"image\/png\" \/>\n<meta name=\"twitter:card\" content=\"summary_large_image\" \/>\n<meta name=\"twitter:label1\" content=\"Est. reading time\" \/>\n\t<meta name=\"twitter:data1\" content=\"1 minute\" \/>\n<script type=\"application\/ld+json\" class=\"yoast-schema-graph\">{\"@context\":\"https:\/\/schema.org\",\"@graph\":[{\"@type\":\"WebPage\",\"@id\":\"https:\/\/www.rdmv.lv\/en\/erasmus\/\",\"url\":\"https:\/\/www.rdmv.lv\/en\/erasmus\/\",\"name\":\"Erasmus+ &#8212; R\u012bgas Dizaina un m\u0101kslas vidusskola\",\"isPartOf\":{\"@id\":\"https:\/\/www.rdmv.lv\/en\/#website\"},\"primaryImageOfPage\":{\"@id\":\"https:\/\/www.rdmv.lv\/en\/erasmus\/#primaryimage\"},\"image\":{\"@id\":\"https:\/\/www.rdmv.lv\/en\/erasmus\/#primaryimage\"},\"thumbnailUrl\":\"https:\/\/www.rdmv.lv\/wp-content\/uploads\/2025\/10\/Lidzfinanse-Eiropas-Savieniba_lv_melns.png\",\"datePublished\":\"2025-08-11T15:34:43+00:00\",\"dateModified\":\"2025-10-11T15:51:02+00:00\",\"breadcrumb\":{\"@id\":\"https:\/\/www.rdmv.lv\/en\/erasmus\/#breadcrumb\"},\"inLanguage\":\"en-US\",\"potentialAction\":[{\"@type\":\"ReadAction\",\"target\":[\"https:\/\/www.rdmv.lv\/en\/erasmus\/\"]}]},{\"@type\":\"ImageObject\",\"inLanguage\":\"en-US\",\"@id\":\"https:\/\/www.rdmv.lv\/en\/erasmus\/#primaryimage\",\"url\":\"https:\/\/www.rdmv.lv\/wp-content\/uploads\/2025\/10\/Lidzfinanse-Eiropas-Savieniba_lv_melns.png\",\"contentUrl\":\"https:\/\/www.rdmv.lv\/wp-content\/uploads\/2025\/10\/Lidzfinanse-Eiropas-Savieniba_lv_melns.png\",\"width\":1500,\"height\":1520},{\"@type\":\"BreadcrumbList\",\"@id\":\"https:\/\/www.rdmv.lv\/en\/erasmus\/#breadcrumb\",\"itemListElement\":[{\"@type\":\"ListItem\",\"position\":1,\"name\":\"Home\",\"item\":\"https:\/\/rdmv.graftik.lv\/en\/home\/\"},{\"@type\":\"ListItem\",\"position\":2,\"name\":\"Erasmus+\"}]},{\"@type\":\"WebSite\",\"@id\":\"https:\/\/www.rdmv.lv\/en\/#website\",\"url\":\"https:\/\/www.rdmv.lv\/en\/\",\"name\":\"R\u012bgas Dizaina un m\u0101kslas vidusskola\",\"description\":\"\",\"publisher\":{\"@id\":\"https:\/\/www.rdmv.lv\/en\/#organization\"},\"potentialAction\":[{\"@type\":\"SearchAction\",\"target\":{\"@type\":\"EntryPoint\",\"urlTemplate\":\"https:\/\/www.rdmv.lv\/en\/?s={search_term_string}\"},\"query-input\":{\"@type\":\"PropertyValueSpecification\",\"valueRequired\":true,\"valueName\":\"search_term_string\"}}],\"inLanguage\":\"en-US\"},{\"@type\":\"Organization\",\"@id\":\"https:\/\/www.rdmv.lv\/en\/#organization\",\"name\":\"R\u012bgas Dizaina un m\u0101kslas vidusskola\",\"url\":\"https:\/\/www.rdmv.lv\/en\/\",\"logo\":{\"@type\":\"ImageObject\",\"inLanguage\":\"en-US\",\"@id\":\"https:\/\/www.rdmv.lv\/en\/#\/schema\/logo\/image\/\",\"url\":\"https:\/\/www.rdmv.lv\/wp-content\/uploads\/2025\/08\/rdmv-logo.svg\",\"contentUrl\":\"https:\/\/www.rdmv.lv\/wp-content\/uploads\/2025\/08\/rdmv-logo.svg\",\"width\":84,\"height\":27,\"caption\":\"R\u012bgas Dizaina un m\u0101kslas vidusskola\"},\"image\":{\"@id\":\"https:\/\/www.rdmv.lv\/en\/#\/schema\/logo\/image\/\"},\"sameAs\":[\"https:\/\/www.facebook.com\/www.rdmv.lv?ref=hl\",\"https:\/\/www.instagram.com\/mikc_rdmv\/\"]}]}<\/script>\n<!-- \/ Yoast SEO plugin. -->","yoast_head_json":{"title":"Erasmus+ &#8212; R\u012bgas Dizaina un m\u0101kslas vidusskola","robots":{"index":"index","follow":"follow","max-snippet":"max-snippet:-1","max-image-preview":"max-image-preview:large","max-video-preview":"max-video-preview:-1"},"canonical":"https:\/\/www.rdmv.lv\/en\/erasmus\/","og_locale":"en_US","og_type":"article","og_title":"Erasmus+ &#8212; R\u012bgas Dizaina un m\u0101kslas vidusskola","og_description":"MIKC RDMV is an accredited organization within the Erasmus+ program. The educational institution implements KA1 projects, the aim of which is to provide students, teachers and staff with the opportunity to gain international experience in educational institutions, internships in foreign companies, as well as professional development courses. These activities strengthen professional skills, promote personal growth, [&hellip;]","og_url":"https:\/\/www.rdmv.lv\/en\/erasmus\/","og_site_name":"R\u012bgas Dizaina un m\u0101kslas vidusskola","article_publisher":"https:\/\/www.facebook.com\/www.rdmv.lv?ref=hl","article_modified_time":"2025-10-11T15:51:02+00:00","og_image":[{"width":1500,"height":1520,"url":"https:\/\/rdmv.graftik.lv\/wp-content\/uploads\/2025\/10\/Lidzfinanse-Eiropas-Savieniba_lv_melns.png","type":"image\/png"}],"twitter_card":"summary_large_image","twitter_misc":{"Est. reading time":"1 minute"},"schema":{"@context":"https:\/\/schema.org","@graph":[{"@type":"WebPage","@id":"https:\/\/www.rdmv.lv\/en\/erasmus\/","url":"https:\/\/www.rdmv.lv\/en\/erasmus\/","name":"Erasmus+ &#8212; R\u012bgas Dizaina un m\u0101kslas vidusskola","isPartOf":{"@id":"https:\/\/www.rdmv.lv\/en\/#website"},"primaryImageOfPage":{"@id":"https:\/\/www.rdmv.lv\/en\/erasmus\/#primaryimage"},"image":{"@id":"https:\/\/www.rdmv.lv\/en\/erasmus\/#primaryimage"},"thumbnailUrl":"https:\/\/www.rdmv.lv\/wp-content\/uploads\/2025\/10\/Lidzfinanse-Eiropas-Savieniba_lv_melns.png","datePublished":"2025-08-11T15:34:43+00:00","dateModified":"2025-10-11T15:51:02+00:00","breadcrumb":{"@id":"https:\/\/www.rdmv.lv\/en\/erasmus\/#breadcrumb"},"inLanguage":"en-US","potentialAction":[{"@type":"ReadAction","target":["https:\/\/www.rdmv.lv\/en\/erasmus\/"]}]},{"@type":"ImageObject","inLanguage":"en-US","@id":"https:\/\/www.rdmv.lv\/en\/erasmus\/#primaryimage","url":"https:\/\/www.rdmv.lv\/wp-content\/uploads\/2025\/10\/Lidzfinanse-Eiropas-Savieniba_lv_melns.png","contentUrl":"https:\/\/www.rdmv.lv\/wp-content\/uploads\/2025\/10\/Lidzfinanse-Eiropas-Savieniba_lv_melns.png","width":1500,"height":1520},{"@type":"BreadcrumbList","@id":"https:\/\/www.rdmv.lv\/en\/erasmus\/#breadcrumb","itemListElement":[{"@type":"ListItem","position":1,"name":"Home","item":"https:\/\/rdmv.graftik.lv\/en\/home\/"},{"@type":"ListItem","position":2,"name":"Erasmus+"}]},{"@type":"WebSite","@id":"https:\/\/www.rdmv.lv\/en\/#website","url":"https:\/\/www.rdmv.lv\/en\/","name":"R\u012bgas Dizaina un m\u0101kslas vidusskola","description":"","publisher":{"@id":"https:\/\/www.rdmv.lv\/en\/#organization"},"potentialAction":[{"@type":"SearchAction","target":{"@type":"EntryPoint","urlTemplate":"https:\/\/www.rdmv.lv\/en\/?s={search_term_string}"},"query-input":{"@type":"PropertyValueSpecification","valueRequired":true,"valueName":"search_term_string"}}],"inLanguage":"en-US"},{"@type":"Organization","@id":"https:\/\/www.rdmv.lv\/en\/#organization","name":"R\u012bgas Dizaina un m\u0101kslas vidusskola","url":"https:\/\/www.rdmv.lv\/en\/","logo":{"@type":"ImageObject","inLanguage":"en-US","@id":"https:\/\/www.rdmv.lv\/en\/#\/schema\/logo\/image\/","url":"https:\/\/www.rdmv.lv\/wp-content\/uploads\/2025\/08\/rdmv-logo.svg","contentUrl":"https:\/\/www.rdmv.lv\/wp-content\/uploads\/2025\/08\/rdmv-logo.svg","width":84,"height":27,"caption":"R\u012bgas Dizaina un m\u0101kslas vidusskola"},"image":{"@id":"https:\/\/www.rdmv.lv\/en\/#\/schema\/logo\/image\/"},"sameAs":["https:\/\/www.facebook.com\/www.rdmv.lv?ref=hl","https:\/\/www.instagram.com\/mikc_rdmv\/"]}]}},"_links":{"self":[{"href":"https:\/\/www.rdmv.lv\/en\/wp-json\/wp\/v2\/pages\/2466","targetHints":{"allow":["GET"]}}],"collection":[{"href":"https:\/\/www.rdmv.lv\/en\/wp-json\/wp\/v2\/pages"}],"about":[{"href":"https:\/\/www.rdmv.lv\/en\/wp-json\/wp\/v2\/types\/page"}],"author":[{"embeddable":true,"href":"https:\/\/www.rdmv.lv\/en\/wp-json\/wp\/v2\/users\/2"}],"replies":[{"embeddable":true,"href":"https:\/\/www.rdmv.lv\/en\/wp-json\/wp\/v2\/comments?post=2466"}],"version-history":[{"count":3,"href":"https:\/\/www.rdmv.lv\/en\/wp-json\/wp\/v2\/pages\/2466\/revisions"}],"predecessor-version":[{"id":4012,"href":"https:\/\/www.rdmv.lv\/en\/wp-json\/wp\/v2\/pages\/2466\/revisions\/4012"}],"wp:featuredmedia":[{"embeddable":true,"href":"https:\/\/www.rdmv.lv\/en\/wp-json\/wp\/v2\/media\/3431"}],"wp:attachment":[{"href":"https:\/\/www.rdmv.lv\/en\/wp-json\/wp\/v2\/media?parent=2466"}],"curies":[{"name":"wp","href":"https:\/\/api.w.org\/{rel}","templated":true}]}}